{"id":3986,"date":"2018-03-28T10:19:35","date_gmt":"2018-03-28T08:19:35","guid":{"rendered":"https:\/\/www.nsfinternational.eu\/home\/"},"modified":"2024-04-29T14:05:19","modified_gmt":"2024-04-29T12:05:19","slug":"home","status":"publish","type":"page","link":"https:\/\/www.nsfinternational.eu\/de\/","title":{"rendered":"Startseite"},"content":{"rendered":"<div class=\"wpb-content-wrapper\"><div class=\"nolwrap\">[mk_page_section bg_position=&#8220;center top&#8220; bg_stretch=&#8220;true&#8220; bg_video=&#8220;yes&#8220; mp4=&#8220;https:\/\/www.nsfinternational.eu\/wp-content\/uploads\/2019\/12\/nsf_eu-homepage.mp4&#8243; webm=&#8220;https:\/\/www.nsfinternational.eu\/wp-content\/uploads\/2019\/12\/nsf_eu-homepage.mp4&#8243; ogv=&#8220;https:\/\/www.nsfinternational.eu\/wp-content\/uploads\/2019\/12\/nsf_eu-homepage.mp4&#8243; poster_image=&#8220;https:\/\/www.nsfinternational.eu\/wp-content\/uploads\/2018\/08\/nsf-about-us.jpg&#8220; video_color_mask=&#8220;rgba(28,95,72,0.53)&#8220; video_opacity=&#8220;1&#8243; min_height=&#8220;&#8220; padding_top=&#8220;140&#8243; top_shape_color=&#8220;#ffffff&#8220; bottom_shape_color=&#8220;#ffffff&#8220; visibility=&#8220;hidden-sm&#8220; sidebar=&#8220;sidebar-1&#8243;][vc_column][mk_fancy_title tag_name=&#8220;h1&#8243; color=&#8220;#ffffff&#8220; size=&#8220;50px&#8220; line_height=&#8220;&#8220; txt_transform=&#8220;uppercase&#8220; letter_spacing=&#8220;&#8220; margin_top=&#8220;80&#8243; margin_bottom=&#8220;10&#8243; font_family=&#8220;none&#8220; align=&#8220;center&#8220;][\/mk_fancy_title][mk_padding_divider size=&#8220;110&#8243;][\/vc_column][\/mk_page_section][mk_page_section bg_image=&#8220;https:\/\/www.nsfinternational.eu\/wp-content\/uploads\/2018\/08\/nsf-about-us.jpg&#8220; bg_position=&#8220;center top&#8220; bg_stretch=&#8220;true&#8220; bg_video=&#8220;yes&#8220; video_loop=&#8220;false&#8220; video_mask=&#8220;true&#8220; video_color_mask=&#8220;rgba(28,95,72,0.53)&#8220; video_opacity=&#8220;1&#8243; adaptive_height=&#8220;true&#8220; max_height=&#8220;200&#8243; min_height=&#8220;200&#8243; padding_top=&#8220;0&#8243; padding_bottom=&#8220;0&#8243; top_shape_color=&#8220;#ffffff&#8220; bottom_shape_color=&#8220;#ffffff&#8220; visibility=&#8220;visible-sm&#8220; sidebar=&#8220;sidebar-1&#8243;][vc_column][mk_fancy_title tag_name=&#8220;h1&#8243; color=&#8220;#ffffff&#8220; size=&#8220;30px&#8220; line_height=&#8220;&#8220; txt_transform=&#8220;uppercase&#8220; letter_spacing=&#8220;&#8220; margin_top=&#8220;35&#8243; margin_bottom=&#8220;10&#8243; font_family=&#8220;none&#8220; align=&#8220;center&#8220;][\/mk_fancy_title][mk_padding_divider size=&#8220;110&#8243;][\/vc_column][\/mk_page_section][mk_page_section bg_position=&#8220;left bottom&#8220; bg_repeat=&#8220;repeat-x&#8220; video_color_mask=&#8220;#ffffff&#8220; video_opacity=&#8220;0.1&#8243; top_shape_style=&#8220;folded-top&#8220; top_shape_size=&#8220;small&#8220; bottom_shape_style=&#8220;folded-bottom&#8220; bottom_shape_size=&#8220;small&#8220; bottom_shape_color=&#8220;#ffffff&#8220; section_id=&#8220;what-we-do&#8220; el_class=&#8220;nsfbg&#8220; sidebar=&#8220;sidebar-1&#8243;][vc_column][mk_fancy_title tag_name=&#8220;h1&#8243; size=&#8220;&#8220; line_height=&#8220;&#8220; letter_spacing=&#8220;&#8220; margin_top=&#8220;60&#8243; margin_bottom=&#8220;10&#8243; font_family=&#8220;none&#8220;]Was wir tun[\/mk_fancy_title][vc_row_inner visibility=&#8220;hidden-sm&#8220;][vc_column_inner width=&#8220;1\/2&#8243;][vc_column_text css=&#8220;.vc_custom_1621424263515{margin-bottom: 0px !important;}&#8220;]NSF wurde 1944 als Teil der School of Public Health der University of Michigan gegr\u00fcndet und hat sich von einer kleinen Stiftung, die sich auf die Vereinheitlichung von Hygiene- und Lebensmittelsicherheitsanforderungen konzentriert, zu einer weltweit f\u00fchrenden gemeinn\u00fctzigen Organisation entwickelt, die sich weltweit f\u00fcr den Schutz der menschlichen Gesundheit und Sicherheit einsetzt.<\/p>\n<p>Wir erstellen Gesundheitsstandards und testen, auditieren und zertifizieren Produkte und Systeme in den Bereichen Lebensmittel-, Wasser- und verwandten Sektoren, um nachteilige Auswirkungen auf die Gesundheit zu minimieren und die Umwelt zu sch\u00fctzen.<\/p>\n<p>Unsere Lebensmitteldienstleistungen werden in den Bereichen Landwirtschaft, Einzelhandel, Lebensmittelherstellung, Gastgewerbe und Freizeit, Catering und Lebensmittelservice, institutionelle Kunden, Lebensmittelausr\u00fcstung und Nonfood-Compounds erbracht.[\/vc_column_text][\/vc_column_inner][vc_column_inner width=&#8220;1\/2&#8243;][vc_column_text css=&#8220;.vc_custom_1621424315064{margin-bottom: 0px !important;}&#8220;]Unsere Wasserdienstleistungen umfassen die Pr\u00fcfung und Zertifizierung von Produkten und Materialien, von der Quelle bis zum Trinkwasserkontakt sowie f\u00fcr verschiedene Branchen und Anwendungen wie Pools \/ Spas, Armaturen, Kunststoffe, Wasser-und Abwasserbehandlungsanlagen-und Komponenten.<\/p>\n<p>Unabh\u00e4ngig von der Zertifizierung spielt NSF eine f\u00fchrende Rolle bei der Erstellung von Wassergesundheits- und Wassersicherheitspl\u00e4nen sowie bei der Erstellung von Risikobewertungen f\u00fcr Legionellen.[\/vc_column_text][mk_blockquote font_family=&#8220;Merriweather&#8220; font_type=&#8220;google&#8220; align=&#8220;left&#8220; width=&#8220;1\/1&#8243; el_position=&#8220;first last&#8220;]Unsere Niederlassungen in Europa bieten umfassende Dienstleistungen, Qualit\u00e4tsunterst\u00fctzung und erstklassiges Wissen, damit Sie Ihr Gesch\u00e4ft ausbauen und dabei Zeit und Geld sparen k\u00f6nnen.[\/mk_blockquote][\/vc_column_inner][\/vc_row_inner][vc_row_inner visibility=&#8220;visible-sm&#8220;][vc_column_inner][vc_column_text css=&#8220;.vc_custom_1571056033839{margin-bottom: 0px !important;}&#8220;]NSF wurde 1944 als Teil der School of Public Health der University of Michigan gegr\u00fcndet und hat sich von einer kleinen Stiftung, die sich auf die Vereinheitlichung von Hygiene- und Lebensmittelsicherheitsanforderungen konzentriert, zu einer weltweit f\u00fchrenden gemeinn\u00fctzigen Organisation entwickelt, die sich weltweit f\u00fcr den Schutz der menschlichen Gesundheit und Sicherheit einsetzt.<\/p>\n<p>Wir erstellen Gesundheitsstandards und testen, auditieren und zertifizieren Produkte und Systeme in den Bereichen Lebensmittel-, Wasser- und verwandten Sektoren, um nachteilige Auswirkungen auf die Gesundheit zu minimieren und die Umwelt zu sch\u00fctzen.<\/p>\n<p>Unsere Lebensmitteldienstleistungen werden in den Bereichen Landwirtschaft, Einzelhandel, Lebensmittelherstellung, Gastgewerbe und Freizeit, Catering und Lebensmittelservice, institutionelle Kunden, Lebensmittelausr\u00fcstung und Nonfood-Compounds erbracht.<\/p>\n<p>Unsere Wasserdienstleistungen umfassen die Pr\u00fcfung und Zertifizierung von Produkten und Materialien, von der Quelle bis zum Trinkwasserkontakt sowie f\u00fcr verschiedene Branchen und Anwendungen wie Pools \/ Spas, Armaturen, Kunststoffe, Wasser-und Abwasserbehandlungsanlagen-und Komponenten.<\/p>\n<p>Unabh\u00e4ngig von der Zertifizierung spielt NSF eine f\u00fchrende Rolle bei der Erstellung von Wassergesundheits- und Wassersicherheitspl\u00e4nen sowie bei der Erstellung von Risikobewertungen f\u00fcr Legionellen.[\/vc_column_text][mk_blockquote font_family=&#8220;Merriweather&#8220; font_type=&#8220;google&#8220; align=&#8220;left&#8220; width=&#8220;1\/1&#8243; el_position=&#8220;first last&#8220;]Unsere Niederlassungen in Europa bieten umfassende Dienstleistungen, Qualit\u00e4tsunterst\u00fctzung und erstklassiges Wissen, damit Sie Ihr Gesch\u00e4ft ausbauen und dabei Zeit und Geld sparen k\u00f6nnen.[\/mk_blockquote][\/vc_column_inner][\/vc_row_inner][mk_padding_divider visibility=&#8220;hidden-sm&#8220;][\/vc_column][\/mk_page_section][mk_page_section bg_color=&#8220;#f9f9fa&#8220; top_shape_style=&#8220;folded-top&#8220; top_shape_size=&#8220;small&#8220; section_id=&#8220;services-by-sector&#8220; sidebar=&#8220;sidebar-1&#8243;][vc_column][mk_fancy_title tag_name=&#8220;h1&#8243; size=&#8220;&#8220; line_height=&#8220;&#8220; letter_spacing=&#8220;&#8220; margin_top=&#8220;40&#8243; margin_bottom=&#8220;10&#8243; font_family=&#8220;none&#8220;]Dienstleistungen[\/mk_fancy_title][\/vc_column][\/mk_page_section][mk_page_section bg_color=&#8220;#f9f9fa&#8220; sidebar=&#8220;sidebar-1&#8243;][vc_column width=&#8220;1\/3&#8243;][mk_image src=&#8220;https:\/\/www.nsfinternational.eu\/wp-content\/uploads\/2019\/09\/2.jpg&#8220; image_size=&#8220;full&#8220; link=&#8220;\/de\/lebensmittel\/&#8220;][mk_fancy_title tag_name=&#8220;h3&#8243; color=&#8220;#ec7a22&#8243; size=&#8220;26&#8243; margin_bottom=&#8220;0&#8243; font_family=&#8220;none&#8220; align=&#8220;center&#8220;]<a href=\"\/de\/lebensmittel\/\">Lebensmittel<\/a>[\/mk_fancy_title][vc_column_text align=&#8220;center&#8220; css=&#8220;.vc_custom_1571056200812{margin-bottom: 0px !important;}&#8220;]Wir sind vollst\u00e4ndig ausger\u00fcstet, so dass wir Ihr umfassender Partner f\u00fcr all Ihre Erfordernisse in Bezug auf Qualit\u00e4t und Lebensmittelsicherheit sowie f\u00fcr Dienstleistungen im Bereich Consumer Insights sind.[\/vc_column_text][\/vc_column][vc_column width=&#8220;1\/3&#8243;][mk_image src=&#8220;https:\/\/www.nsfinternational.eu\/wp-content\/uploads\/2019\/09\/1.jpg&#8220; image_size=&#8220;full&#8220; link=&#8220;\/de\/wasser\/&#8220;][mk_fancy_title tag_name=&#8220;h3&#8243; color=&#8220;#ec7a22&#8243; size=&#8220;26&#8243; margin_bottom=&#8220;0&#8243; font_family=&#8220;none&#8220; align=&#8220;center&#8220;]<a href=\"\/de\/wasser\/\">Wasser<\/a>[\/mk_fancy_title][vc_column_text align=&#8220;center&#8220; css=&#8220;.vc_custom_1571056245236{margin-bottom: 0px !important;}&#8220;]NSF bietet ein umfangreiches Dienstleistungsangebot f\u00fcr die Trinkwasserbranche und tr\u00e4gt auf diese Weise zur Qualit\u00e4t und Sicherheit der Produkte auf dem Markt bei.[\/vc_column_text][\/vc_column][vc_column width=&#8220;1\/3&#8243;][mk_image src=&#8220;https:\/\/www.nsfinternational.eu\/wp-content\/uploads\/2019\/09\/3.jpg&#8220; image_size=&#8220;full&#8220; link=&#8220;\/de\/innovation\/&#8220;][mk_fancy_title tag_name=&#8220;h3&#8243; color=&#8220;#ec7a22&#8243; size=&#8220;26&#8243; margin_bottom=&#8220;0&#8243; font_family=&#8220;none&#8220; align=&#8220;center&#8220;]<a href=\"\/de\/innovation\/\">Innovation<\/a>[\/mk_fancy_title][vc_column_text align=&#8220;center&#8220; css=&#8220;.vc_custom_1571056211870{margin-bottom: 0px !important;}&#8220;]Datenmanagement, Augmented (oder Assisted) Reality, Wearable Technology und der Einsatz k\u00fcnstlicher Intelligenz geh\u00f6ren zu den Bereichen, in denen NSF Tools und Anwendungen zur Unterst\u00fctzung der Branchen entwickelt hat, in denen wir t\u00e4tig sind.[\/vc_column_text][\/vc_column][\/mk_page_section][mk_page_section bg_color=&#8220;#f9f9fa&#8220; top_shape_color=&#8220;#f8f8f8&#8243; sidebar=&#8220;sidebar-1&#8243;][vc_column][mk_padding_divider][\/vc_column][\/mk_page_section][mk_page_section bg_repeat=&#8220;repeat-x&#8220; top_shape_style=&#8220;folded-top&#8220; top_shape_size=&#8220;small&#8220; top_shape_color=&#8220;#ffffff&#8220; sidebar=&#8220;sidebar-1&#8243;][vc_column][mk_fancy_title size=&#8220;58&#8243; line_height=&#8220;&#8220; letter_spacing=&#8220;&#8220; margin_top=&#8220;40&#8243; margin_bottom=&#8220;&#8220; font_family=&#8220;none&#8220; align=&#8220;center&#8220;]Nachrichten<\/p>\n<div id=\"gtx-trans\" style=\"position: absolute; left: 23px; top: 38px;\">\n<div class=\"gtx-trans-icon\"><\/div>\n<\/div>\n[\/mk_fancy_title][mk_fancy_title tag_name=&#8220;h3&#8243; color=&#8220;#8a989e&#8220; size=&#8220;20&#8243; line_height=&#8220;&#8220; font_weight=&#8220;400&#8243; letter_spacing=&#8220;&#8220; margin_top=&#8220;&#8220; margin_bottom=&#8220;10&#8243; font_family=&#8220;none&#8220; align=&#8220;center&#8220;]Bleiben Sie auf dem Laufenden hinsichtlich neuer Entwicklungen innerhalb von NSF sowie aktuellen Branchennachrichten.[\/mk_fancy_title][mk_blog_showcase excerpt_length=&#8220;0&#8243;][mk_padding_divider][vc_btn title=&#8220;Alle Neuigkeiten im \u00dcberblick&#8220; style=&#8220;outline-custom&#8220; outline_custom_color=&#8220;#005793&#8243; outline_custom_hover_background=&#8220;#005793&#8243; outline_custom_hover_text=&#8220;#ffffff&#8220; size=&#8220;lg&#8220; align=&#8220;center&#8220; css_animation=&#8220;fadeInDown&#8220; link=&#8220;url:https%3A%2F%2Fwww.nsfinternationalfood.eu%2Fde%2Fnachrichten-und-ereignisse%2F|||&#8220;][mk_padding_divider size=&#8220;90&#8243;][\/vc_column][\/mk_page_section][mk_page_section bg_color=&#8220;#f8f8f8&#8243; bg_repeat=&#8220;repeat-x&#8220; bg_stretch=&#8220;true&#8220; min_height=&#8220;0&#8243; full_width=&#8220;true&#8220; padding_top=&#8220;&#8220; padding_bottom=&#8220;&#8220; top_shape_style=&#8220;folded-top&#8220; top_shape_size=&#8220;small&#8220; top_shape_color=&#8220;#ffffff&#8220; bottom_shape_style=&#8220;jagged-rounded-bottom&#8220; bottom_shape_size=&#8220;small&#8220; bottom_shape_color=&#8220;&#8220; bottom_shape_bg_color=&#8220;#0090da&#8220; section_id=&#8220;about&#8220; sidebar=&#8220;sidebar-1&#8243;][vc_column][mk_fancy_title tag_name=&#8220;h1&#8243; size=&#8220;&#8220; line_height=&#8220;&#8220; letter_spacing=&#8220;&#8220; margin_top=&#8220;60&#8243; margin_bottom=&#8220;10&#8243; font_family=&#8220;none&#8220; align=&#8220;center&#8220;]NSF Dienstleistungen in Europa[\/mk_fancy_title][vc_column_text css=&#8220;.vc_custom_1555510151161{margin-bottom: 0px !important;}&#8220;]<div id=\"mapplic-id4640\" data-mapdata=\"{&quot;mapwidth&quot;:&quot;1200&quot;,&quot;mapheight&quot;:&quot;760&quot;,&quot;action&quot;:&quot;tooltip&quot;,&quot;fillcolor&quot;:&quot;#2a483e&quot;,&quot;maxscale&quot;:&quot;2&quot;,&quot;fullscreen&quot;:false,&quot;hovertip&quot;:true,&quot;hovertipdesc&quot;:false,&quot;smartip&quot;:false,&quot;deeplinking&quot;:true,&quot;linknewtab&quot;:false,&quot;minimap&quot;:false,&quot;animations&quot;:false,&quot;zoom&quot;:false,&quot;zoombuttons&quot;:false,&quot;clearbutton&quot;:false,&quot;zoomoutclose&quot;:false,&quot;closezoomout&quot;:false,&quot;mousewheel&quot;:false,&quot;mapfill&quot;:false,&quot;sidebar&quot;:false,&quot;search&quot;:false,&quot;searchdescription&quot;:false,&quot;alphabetic&quot;:false,&quot;thumbholder&quot;:false,&quot;sidebartoggle&quot;:false,&quot;filtersopened&quot;:false,&quot;highlight&quot;:false,&quot;customcss&quot;:&quot;&quot;,&quot;levels&quot;:[{&quot;id&quot;:&quot;world&quot;,&quot;title&quot;:&quot;World&quot;,&quot;map&quot;:&quot;\\\/\\\/www.nsfinternational.eu\\\/wp-content\\\/uploads\\\/2018\\\/09\\\/europe.svg&quot;,&quot;minimap&quot;:&quot;&quot;}],&quot;styles&quot;:[],&quot;categories&quot;:[],&quot;locations&quot;:[{&quot;id&quot;:&quot;be&quot;,&quot;title&quot;:&quot;Belgien&quot;,&quot;description&quot;:&quot;&lt;strong&gt;NSF Belgien \\u2013 EU-Hauptsitz&lt;\\\/strong&gt;\\n\\nDe Kleetlaan 12a\\n1831 Diegem, Belgium\\n\\nTelefon: +32 2 771 36 54\\nFax: +32 2 763 00 13\\nEmail: europe@nsf.org&quot;,&quot;action&quot;:&quot;tooltip&quot;,&quot;x&quot;:&quot;0.4053&quot;,&quot;y&quot;:&quot;0.5240&quot;,&quot;color&quot;:&quot;#2a483e&quot;,&quot;level&quot;:&quot;world&quot;},{&quot;id&quot;:&quot;fr&quot;,&quot;title&quot;:&quot;Frankreich&quot;,&quot;description&quot;:&quot;&lt;p&gt;&lt;strong&gt;Lille&lt;\\\/strong&gt;&lt;br \\\/&gt;4 rue Archim\\u00e8de, Parc de la Cit\\u00e9 Scientifique&lt;br \\\/&gt;59650 Villeneuve d\\u2019Ascq, Lille, France&lt;\\\/p&gt;&lt;p&gt;Telefon: +33 320 44 89 72&lt;\\\/p&gt;&lt;p&gt;&lt;strong&gt;Paris&lt;\\\/strong&gt;&lt;br \\\/&gt;Rue Louis Blanc, 24&lt;br \\\/&gt;75010 Paris, France&lt;\\\/p&gt;&lt;p&gt;Telefon: +33 184 16 98 31&lt;\\\/p&gt;&quot;,&quot;category&quot;:&quot;false&quot;,&quot;action&quot;:&quot;tooltip&quot;,&quot;x&quot;:&quot;0.3859&quot;,&quot;y&quot;:&quot;0.6181&quot;,&quot;color&quot;:&quot;#2a483e&quot;,&quot;level&quot;:&quot;world&quot;},{&quot;id&quot;:&quot;es&quot;,&quot;title&quot;:&quot;Spanien&quot;,&quot;description&quot;:&quot;&lt;strong&gt;Almeria&lt;\\\/strong&gt;\\nCalle Jazminero, n\\u00ba 1 piso 1\\u00ba, oficina 6\\n04720 Aguadulce (Almer\\u00eda), Spain\\n\\nTelefon: +34 950 34 80 64\\n\\n&lt;strong&gt;Madrid&lt;\\\/strong&gt;\\nCalle Mar\\u00eda de Molina, N\\u00ba54, 5th floor\\n28006, Madrid, Spain\\n\\nTelefon: +34 910 28 79 39&quot;,&quot;action&quot;:&quot;tooltip&quot;,&quot;x&quot;:&quot;0.3038&quot;,&quot;y&quot;:&quot;0.7939&quot;,&quot;color&quot;:&quot;#2a483e&quot;,&quot;level&quot;:&quot;world&quot;},{&quot;id&quot;:&quot;bg&quot;,&quot;title&quot;:&quot;Bulgarien&quot;,&quot;description&quot;:&quot;&lt;p&gt;&lt;strong&gt;Sofia&lt;\\\/strong&gt;&lt;br \\\/&gt;87, Kniaz Aleksandar Dondukov Blvd., fl. 1&lt;br \\\/&gt;1527 Sofia, Bulgaria&lt;\\\/p&gt;&lt;p&gt;Telefon: +359 879 332 343&lt;\\\/p&gt;&quot;,&quot;action&quot;:&quot;tooltip&quot;,&quot;x&quot;:&quot;0.6312&quot;,&quot;y&quot;:&quot;0.7184&quot;,&quot;color&quot;:&quot;#2a483e&quot;,&quot;level&quot;:&quot;world&quot;},{&quot;id&quot;:&quot;ro&quot;,&quot;title&quot;:&quot;Rum\\u00e4nien&quot;,&quot;description&quot;:&quot;&lt;p&gt;&lt;strong&gt;Bucharest&lt;\\\/strong&gt;&lt;br \\\/&gt;Bulevardul Doina Cornea 2F, etaj3, sector 6,&lt;br \\\/&gt;061344 Bucarest, Romania&lt;\\\/p&gt;&lt;p&gt;Telefon: +40 740 550 474&lt;\\\/p&gt;&quot;,&quot;action&quot;:&quot;tooltip&quot;,&quot;x&quot;:&quot;0.6104&quot;,&quot;y&quot;:&quot;0.6034&quot;,&quot;color&quot;:&quot;#2a483e&quot;,&quot;level&quot;:&quot;world&quot;},{&quot;id&quot;:&quot;de&quot;,&quot;title&quot;:&quot;Deutschland&quot;,&quot;description&quot;:&quot;&lt;p&gt;Amselweg 5&lt;br \\\/&gt;33378 Rheda-Wiedenbr\\u00fcck, Germany&lt;\\\/p&gt;&lt;p&gt;Telefon: +49 5242 90630&lt;\\\/p&gt;&quot;,&quot;category&quot;:&quot;false&quot;,&quot;action&quot;:&quot;tooltip&quot;,&quot;x&quot;:&quot;0.4602&quot;,&quot;y&quot;:&quot;0.5415&quot;,&quot;color&quot;:&quot;#2a483e&quot;,&quot;level&quot;:&quot;world&quot;},{&quot;id&quot;:&quot;gb&quot;,&quot;title&quot;:&quot;Vereinigtes K\\u00f6nigreich&quot;,&quot;description&quot;:&quot;&lt;p&gt;Hanborough Business Park&lt;br \\\/&gt;Long Hanborough OX29 8SJ, UK&lt;\\\/p&gt;&lt;p&gt;&lt;a href=\\&quot;http:\\\/\\\/www.nsfinternationalfood.co.uk\\&quot;&gt;www.nsfinternationalfood.co.uk&lt;\\\/a&gt;&lt;\\\/p&gt;&lt;p&gt;Telefon: +44 19 93 88 56 00&lt;\\\/p&gt;&quot;,&quot;category&quot;:&quot;false&quot;,&quot;action&quot;:&quot;tooltip&quot;,&quot;x&quot;:&quot;0.3527&quot;,&quot;y&quot;:&quot;0.4820&quot;,&quot;color&quot;:&quot;#2a483e&quot;,&quot;level&quot;:&quot;world&quot;},{&quot;id&quot;:&quot;it&quot;,&quot;title&quot;:&quot;Italien&quot;,&quot;description&quot;:&quot;&lt;p&gt;Via Dei Mille, 24 40121 Bologna, Italia&lt;\\\/p&gt;&lt;p&gt;Telefon: +39 051 0233535&lt;\\\/p&gt;&quot;,&quot;pin&quot;:&quot;no-fill&quot;,&quot;action&quot;:&quot;default&quot;,&quot;x&quot;:&quot;0.4748&quot;,&quot;y&quot;:&quot;0.6947&quot;,&quot;color&quot;:&quot;#2a483e&quot;,&quot;level&quot;:&quot;world&quot;}]}\"><\/div>[\/vc_column_text][mk_padding_divider size=&#8220;70&#8243;][\/vc_column][\/mk_page_section]\n<\/div><\/div>","protected":false},"excerpt":{"rendered":"<p>[mk_page_section bg_position=&#8220;center top&#8220; bg_stretch=&#8220;true&#8220; bg_video=&#8220;yes&#8220; mp4=&#8220;https:\/\/www.nsfinternational.eu\/wp-content\/uploads\/2019\/12\/nsf_eu-homepage.mp4&#8243; webm=&#8220;https:\/\/www.nsfinternational.eu\/wp-content\/uploads\/2019\/12\/nsf_eu-homepage.mp4&#8243; ogv=&#8220;https:\/\/www.nsfinternational.eu\/wp-content\/uploads\/2019\/12\/nsf_eu-homepage.mp4&#8243; poster_image=&#8220;https:\/\/www.nsfinternational.eu\/wp-content\/uploads\/2018\/08\/nsf-about-us.jpg&#8220; video_color_mask=&#8220;rgba(28,95,72,0.53)&#8220; video_opacity=&#8220;1&#8243; min_height=&#8220;&#8220; padding_top=&#8220;140&#8243; top_shape_color=&#8220;#ffffff&#8220; bottom_shape_color=&#8220;#ffffff&#8220; visibility=&#8220;hidden-sm&#8220; sidebar=&#8220;sidebar-1&#8243;][vc_column][mk_fancy_title tag_name=&#8220;h1&#8243; color=&#8220;#ffffff&#8220; size=&#8220;50px&#8220; line_height=&#8220;&#8220; txt_transform=&#8220;uppercase&#8220; letter_spacing=&#8220;&#8220; margin_top=&#8220;80&#8243; margin_bottom=&#8220;10&#8243; font_family=&#8220;none&#8220; align=&#8220;center&#8220;][\/mk_fancy_title][mk_padding_divider size=&#8220;110&#8243;][\/vc_column][\/mk_page_section][mk_page_section bg_image=&#8220;https:\/\/www.nsfinternational.eu\/wp-content\/uploads\/2018\/08\/nsf-about-us.jpg&#8220; bg_position=&#8220;center top&#8220; bg_stretch=&#8220;true&#8220; bg_video=&#8220;yes&#8220; video_loop=&#8220;false&#8220; video_mask=&#8220;true&#8220; video_color_mask=&#8220;rgba(28,95,72,0.53)&#8220; video_opacity=&#8220;1&#8243; adaptive_height=&#8220;true&#8220; max_height=&#8220;200&#8243; min_height=&#8220;200&#8243; padding_top=&#8220;0&#8243; padding_bottom=&#8220;0&#8243; top_shape_color=&#8220;#ffffff&#8220; bottom_shape_color=&#8220;#ffffff&#8220; visibility=&#8220;visible-sm&#8220; sidebar=&#8220;sidebar-1&#8243;][vc_column][mk_fancy_title tag_name=&#8220;h1&#8243; color=&#8220;#ffffff&#8220; size=&#8220;30px&#8220; line_height=&#8220;&#8220; txt_transform=&#8220;uppercase&#8220; letter_spacing=&#8220;&#8220; margin_top=&#8220;35&#8243; margin_bottom=&#8220;10&#8243; font_family=&#8220;none&#8220; [&hellip;]<\/p>\n","protected":false},"author":1,"featured_media":0,"parent":0,"menu_order":0,"comment_status":"closed","ping_status":"open","template":"","meta":{"footnotes":""},"class_list":["post-3986","page","type-page","status-publish","hentry"],"_links":{"self":[{"href":"https:\/\/www.nsfinternational.eu\/de\/wp-json\/wp\/v2\/pages\/3986","targetHints":{"allow":["GET"]}}],"collection":[{"href":"https:\/\/www.nsfinternational.eu\/de\/wp-json\/wp\/v2\/pages"}],"about":[{"href":"https:\/\/www.nsfinternational.eu\/de\/wp-json\/wp\/v2\/types\/page"}],"author":[{"embeddable":true,"href":"https:\/\/www.nsfinternational.eu\/de\/wp-json\/wp\/v2\/users\/1"}],"replies":[{"embeddable":true,"href":"https:\/\/www.nsfinternational.eu\/de\/wp-json\/wp\/v2\/comments?post=3986"}],"version-history":[{"count":78,"href":"https:\/\/www.nsfinternational.eu\/de\/wp-json\/wp\/v2\/pages\/3986\/revisions"}],"predecessor-version":[{"id":12227,"href":"https:\/\/www.nsfinternational.eu\/de\/wp-json\/wp\/v2\/pages\/3986\/revisions\/12227"}],"wp:attachment":[{"href":"https:\/\/www.nsfinternational.eu\/de\/wp-json\/wp\/v2\/media?parent=3986"}],"curies":[{"name":"wp","href":"https:\/\/api.w.org\/{rel}","templated":true}]}}