{"id":570,"date":"2018-03-28T10:19:35","date_gmt":"2018-03-28T08:19:35","guid":{"rendered":"https:\/\/www.nsfinternational.eu\/home\/"},"modified":"2024-04-29T14:09:52","modified_gmt":"2024-04-29T12:09:52","slug":"home","status":"publish","type":"page","link":"https:\/\/www.nsfinternational.eu\/es\/","title":{"rendered":"Home"},"content":{"rendered":"<div class=\"wpb-content-wrapper\"><div class=\"nolwrap\">[mk_page_section bg_position=\u00bbcenter top\u00bb bg_stretch=\u00bbtrue\u00bb bg_video=\u00bbyes\u00bb mp4=\u00bbhttps:\/\/www.nsfinternational.eu\/wp-content\/uploads\/2019\/12\/nsf_eu-homepage.mp4&#8243; webm=\u00bbhttps:\/\/www.nsfinternational.eu\/wp-content\/uploads\/2019\/12\/nsf_eu-homepage.mp4&#8243; ogv=\u00bbhttps:\/\/www.nsfinternational.eu\/wp-content\/uploads\/2019\/12\/nsf_eu-homepage.mp4&#8243; poster_image=\u00bbhttps:\/\/www.nsfinternational.eu\/wp-content\/uploads\/2018\/08\/nsf-about-us.jpg\u00bb video_color_mask=\u00bbrgba(28,95,72,0.53)\u00bb video_opacity=\u00bb1&#8243; min_height=\u00bb\u00bb padding_top=\u00bb140&#8243; top_shape_color=\u00bb#ffffff\u00bb bottom_shape_color=\u00bb#ffffff\u00bb visibility=\u00bbhidden-sm\u00bb sidebar=\u00bbsidebar-1&#8243;][vc_column][mk_fancy_title tag_name=\u00bbh1&#8243; color=\u00bb#ffffff\u00bb size=\u00bb50px\u00bb line_height=\u00bb\u00bb txt_transform=\u00bbuppercase\u00bb letter_spacing=\u00bb\u00bb margin_top=\u00bb80&#8243; margin_bottom=\u00bb10&#8243; font_family=\u00bbnone\u00bb align=\u00bbcenter\u00bb][\/mk_fancy_title][mk_padding_divider size=\u00bb110&#8243;][\/vc_column][\/mk_page_section][mk_page_section bg_image=\u00bbhttps:\/\/www.nsfinternational.eu\/wp-content\/uploads\/2018\/08\/nsf-about-us.jpg\u00bb bg_position=\u00bbcenter top\u00bb bg_stretch=\u00bbtrue\u00bb bg_video=\u00bbyes\u00bb video_loop=\u00bbfalse\u00bb video_mask=\u00bbtrue\u00bb video_color_mask=\u00bbrgba(28,95,72,0.53)\u00bb video_opacity=\u00bb1&#8243; adaptive_height=\u00bbtrue\u00bb max_height=\u00bb200&#8243; min_height=\u00bb200&#8243; padding_top=\u00bb0&#8243; padding_bottom=\u00bb0&#8243; top_shape_color=\u00bb#ffffff\u00bb bottom_shape_color=\u00bb#ffffff\u00bb visibility=\u00bbvisible-sm\u00bb sidebar=\u00bbsidebar-1&#8243;][vc_column][mk_fancy_title tag_name=\u00bbh1&#8243; color=\u00bb#ffffff\u00bb size=\u00bb30px\u00bb line_height=\u00bb\u00bb txt_transform=\u00bbuppercase\u00bb letter_spacing=\u00bb\u00bb margin_top=\u00bb35&#8243; margin_bottom=\u00bb10&#8243; font_family=\u00bbnone\u00bb align=\u00bbcenter\u00bb][\/mk_fancy_title][mk_padding_divider size=\u00bb110&#8243;][\/vc_column][\/mk_page_section][mk_page_section bg_position=\u00bbleft bottom\u00bb bg_repeat=\u00bbrepeat-x\u00bb video_color_mask=\u00bb#ffffff\u00bb video_opacity=\u00bb0.1&#8243; bottom_shape_style=\u00bbfolded-bottom\u00bb bottom_shape_size=\u00bbsmall\u00bb bottom_shape_color=\u00bb#ffffff\u00bb section_id=\u00bbwhat-we-do\u00bb el_class=\u00bbnsfbg\u00bb sidebar=\u00bbsidebar-1&#8243;][vc_column][mk_fancy_title tag_name=\u00bbh1&#8243; size=\u00bb\u00bb line_height=\u00bb\u00bb letter_spacing=\u00bb\u00bb margin_top=\u00bb60&#8243; margin_bottom=\u00bb10&#8243; font_family=\u00bbnone\u00bb]Qu\u00e9 hacemos[\/mk_fancy_title][vc_row_inner visibility=\u00bbhidden-sm\u00bb][vc_column_inner width=\u00bb1\/2&#8243;][vc_column_text css=\u00bb.vc_custom_1699289659541{margin-bottom: 0px !important;}\u00bb]Fundada en 1944 como parte de la Escuela de Salud P\u00fablica de la Universidad de Michigan, NSF ha evolucionado desde una peque\u00f1a fundaci\u00f3n centrada en la estandarizaci\u00f3n de los requisitos de saneamiento y seguridad alimentaria a una organizaci\u00f3n mundial sin fines de lucro comprometida con la protecci\u00f3n de la salud p\u00fablica en todo el mundo.<\/p>\n<p>Facilitamos el desarrollo de est\u00e1ndares de salud p\u00fablica, y analizamo<span style=\"text-decoration: line-through;\">s<\/span>, auditamos y certificamos productos y sistemas para los sectores de alimentos, agua y relacionados para minimizar los efectos adversos para la salud y proteger el medio ambiente.<\/p>\n<p>Nuestros servicios de alimentos sirven a los sectores de agricultura, venta minorista, fabricaci\u00f3n de alimentos, hosteler\u00eda y ocio, restauraci\u00f3n y servicio de alimentos, institucional, equipos de alimentos y compuestos no alimenticios.[\/vc_column_text][\/vc_column_inner][vc_column_inner width=\u00bb1\/2&#8243;][vc_column_text css=\u00bb.vc_custom_1699289665089{margin-bottom: 0px !important;}\u00bb]Nuestros servicios de agua incluyen analizar y certificar productos desde la fuente hasta el grifo en contacto con agua potable y para diversos sectores y aplicaciones, como piscinas \/ spas, fontaner\u00eda, pl\u00e1sticos y dispositivos de tratamiento de agua.<\/p>\n<p>Aparte de la certificaci\u00f3n, NSF tiene un papel de liderazgo en la construcci\u00f3n de la salud y la seguridad del agua y proporciona planes de seguridad del agua y evaluaciones de riesgo de Legionella.[\/vc_column_text][mk_blockquote font_family=\u00bbMerriweather\u00bb font_type=\u00bbgoogle\u00bb align=\u00bbleft\u00bb width=\u00bb1\/1&#8243; el_position=\u00bbfirst last\u00bb]Nuestras oficinas en Europa brindan servicios integrales, soporte de calidad y conocimiento superior para aydarle a hacer crecer su negocio mientras ahorra tiempo y dinero.[\/mk_blockquote][\/vc_column_inner][\/vc_row_inner][vc_row_inner visibility=\u00bbvisible-sm\u00bb][vc_column_inner][vc_column_text css=\u00bb.vc_custom_1571055733928{margin-bottom: 0px !important;}\u00bb]Fundada en 1944 como parte de la Escuela de Salud P\u00fablica de la Universidad de Michigan, NSF ha evolucionado desde una peque\u00f1a fundaci\u00f3n centrada en la estandarizaci\u00f3n de los requisitos de saneamiento y seguridad alimentaria a una organizaci\u00f3n mundial sin fines de lucro comprometida con la protecci\u00f3n de la salud p\u00fablica en todo el mundo.<\/p>\n<p>Facilitamos el desarrollo de est\u00e1ndares de salud p\u00fablica, y analizamo<span style=\"text-decoration: line-through;\">s<\/span>, auditamos y certificamos productos y sistemas para los sectores de alimentos, agua y relacionados para minimizar los efectos adversos para la salud y proteger el medio ambiente.<\/p>\n<p>Nuestros servicios de alimentos sirven a los sectores de agricultura, venta minorista, fabricaci\u00f3n de alimentos, hosteler\u00eda y ocio, restauraci\u00f3n y servicio de alimentos, institucional, equipos de alimentos y compuestos no alimenticios.<\/p>\n<p>Nuestros servicios de agua incluyen analizar y certificar productos desde la fuente hasta el grifo en contacto con agua potable y para diversos sectores y aplicaciones, como piscinas \/ spas, fontaner\u00eda, pl\u00e1sticos y dispositivos de tratamiento de agua.<\/p>\n<p>Aparte de la certificaci\u00f3n, NSF tiene un papel de liderazgo en la construcci\u00f3n de la salud y la seguridad del agua y proporciona planes de seguridad del agua y evaluaciones de riesgo de Legionella.[\/vc_column_text][mk_blockquote font_family=\u00bbMerriweather\u00bb font_type=\u00bbgoogle\u00bb align=\u00bbleft\u00bb width=\u00bb1\/1&#8243; el_position=\u00bbfirst last\u00bb]Nuestras oficinas en Europa brindan servicios integrales, soporte de calidad y conocimiento superior para aydarle a hacer crecer su negocio mientras ahorra tiempo y dinero.[\/mk_blockquote][\/vc_column_inner][\/vc_row_inner][mk_padding_divider visibility=\u00bbhidden-sm\u00bb][\/vc_column][\/mk_page_section][mk_page_section bg_color=\u00bb#f9f9fa\u00bb top_shape_style=\u00bbfolded-top\u00bb top_shape_size=\u00bbsmall\u00bb section_id=\u00bbservices-by-sector\u00bb sidebar=\u00bbsidebar-1&#8243;][vc_column][mk_fancy_title tag_name=\u00bbh1&#8243; size=\u00bb\u00bb line_height=\u00bb\u00bb letter_spacing=\u00bb\u00bb margin_top=\u00bb60&#8243; margin_bottom=\u00bb10&#8243; font_family=\u00bbnone\u00bb]Servicios[\/mk_fancy_title][\/vc_column][\/mk_page_section][mk_page_section bg_color=\u00bb#f9f9fa\u00bb sidebar=\u00bbsidebar-1&#8243;][vc_column width=\u00bb1\/3&#8243;][mk_image src=\u00bbhttps:\/\/www.nsfinternational.eu\/wp-content\/uploads\/2019\/09\/2.jpg\u00bb image_size=\u00bbfull\u00bb link=\u00bb\/es\/alimentario\/\u00bb][mk_fancy_title tag_name=\u00bbh3&#8243; color=\u00bb#ec7a22&#8243; size=\u00bb26&#8243; margin_bottom=\u00bb0&#8243; font_family=\u00bbnone\u00bb align=\u00bbcenter\u00bb]<a href=\"\/es\/Alimentario\/\">Alimentario<\/a>[\/mk_fancy_title][vc_column_text align=\u00bbcenter\u00bb css=\u00bb.vc_custom_1571055572158{margin-bottom: 0px !important;}\u00bb]Contamos con la tecnolog\u00eda necesaria para convertirnos en su colaborador \u00fanico para satisfacer sus necesidades en materia de calidad, seguridad alimentaria y servicios de informaci\u00f3n del consumidor en Europa.[\/vc_column_text][\/vc_column][vc_column width=\u00bb1\/3&#8243;][mk_image src=\u00bbhttps:\/\/www.nsfinternational.eu\/wp-content\/uploads\/2019\/09\/1.jpg\u00bb image_size=\u00bbfull\u00bb link=\u00bb\/es\/agua\/\u00bb][mk_fancy_title tag_name=\u00bbh3&#8243; color=\u00bb#ec7a22&#8243; size=\u00bb26&#8243; margin_bottom=\u00bb0&#8243; font_family=\u00bbnone\u00bb align=\u00bbcenter\u00bb]<a href=\"\/es\/agua\/\">Agua<\/a>[\/mk_fancy_title][vc_column_text align=\u00bbcenter\u00bb css=\u00bb.vc_custom_1571055554876{margin-bottom: 0px !important;}\u00bb]NSF proporciona una amplia gama de servicios para la industria del agua que ayudan a garantizar la calidad y la seguridad de los productos en el mercado.[\/vc_column_text][\/vc_column][vc_column width=\u00bb1\/3&#8243;][mk_image src=\u00bbhttps:\/\/www.nsfinternational.eu\/wp-content\/uploads\/2019\/09\/3.jpg\u00bb image_size=\u00bbfull\u00bb link=\u00bb\/es\/innovacion\/\u00bb][mk_fancy_title tag_name=\u00bbh3&#8243; color=\u00bb#ec7a22&#8243; size=\u00bb26&#8243; margin_bottom=\u00bb0&#8243; font_family=\u00bbnone\u00bb align=\u00bbcenter\u00bb]<a href=\"\/es\/innovacion\/\">Innovaci\u00f3n<\/a>[\/mk_fancy_title][vc_column_text align=\u00bbcenter\u00bb css=\u00bb.vc_custom_1571055584173{margin-bottom: 0px !important;}\u00bb]La gesti\u00f3n de datos, la realidad aumentada (o asistida), la tecnolog\u00eda de los dispositivos port\u00e1tiles y el uso de la inteligencia artificial son algunos de los campos en los que NSF ha estado desarrollando herramientas y aplicaciones que sirvan a los sectores con los que trabajamos.[\/vc_column_text][\/vc_column][\/mk_page_section][mk_page_section bg_color=\u00bb#f9f9fa\u00bb top_shape_color=\u00bb#f8f8f8&#8243; sidebar=\u00bbsidebar-1&#8243;][vc_column][mk_padding_divider][\/vc_column][\/mk_page_section][mk_page_section bg_repeat=\u00bbrepeat-x\u00bb top_shape_style=\u00bbfolded-top\u00bb top_shape_size=\u00bbsmall\u00bb top_shape_color=\u00bb#ffffff\u00bb bottom_shape_style=\u00bbfolded-bottom\u00bb bottom_shape_size=\u00bbsmall\u00bb el_class=\u00bbnsfbgtop\u00bb sidebar=\u00bbsidebar-1&#8243;][vc_column][mk_fancy_title size=\u00bb58&#8243; line_height=\u00bb\u00bb letter_spacing=\u00bb\u00bb margin_top=\u00bb40&#8243; margin_bottom=\u00bb\u00bb font_family=\u00bbnone\u00bb align=\u00bbcenter\u00bb]\u00daltimas noticias[\/mk_fancy_title][mk_fancy_title tag_name=\u00bbh3&#8243; color=\u00bb#8a989e\u00bb size=\u00bb20&#8243; line_height=\u00bb\u00bb font_weight=\u00bb400&#8243; letter_spacing=\u00bb\u00bb margin_top=\u00bb\u00bb margin_bottom=\u00bb10&#8243; font_family=\u00bbnone\u00bb align=\u00bbcenter\u00bb]Mant\u00e9ngase al d\u00eda sobre las \u00faltimas noticias de NSF y de la industria.[\/mk_fancy_title][mk_blog_showcase excerpt_length=\u00bb0&#8243;][mk_padding_divider][vc_btn title=\u00bbTODAS NUESTRAS NOTICIAS\u00bb style=\u00bboutline-custom\u00bb outline_custom_color=\u00bb#005793&#8243; outline_custom_hover_background=\u00bb#005793&#8243; outline_custom_hover_text=\u00bb#ffffff\u00bb size=\u00bblg\u00bb align=\u00bbcenter\u00bb i_align=\u00bbright\u00bb i_icon_fontawesome=\u00bbfa fa-newspaper-o\u00bb css_animation=\u00bbfadeInDown\u00bb add_icon=\u00bbtrue\u00bb link=\u00bburl:%2Fes%2Fnoticias-y-eventos%2F|||\u00bb][mk_padding_divider size=\u00bb90&#8243;][\/vc_column][\/mk_page_section][mk_page_section bg_color=\u00bb#f8f8f8&#8243; bg_repeat=\u00bbrepeat-x\u00bb bg_stretch=\u00bbtrue\u00bb min_height=\u00bb0&#8243; full_width=\u00bbtrue\u00bb padding_top=\u00bb\u00bb padding_bottom=\u00bb\u00bb top_shape_style=\u00bbfolded-top\u00bb top_shape_size=\u00bbsmall\u00bb top_shape_color=\u00bb#f2f2f2&#8243; bottom_shape_style=\u00bbjagged-rounded-bottom\u00bb bottom_shape_size=\u00bbsmall\u00bb bottom_shape_color=\u00bb\u00bb bottom_shape_bg_color=\u00bb#0090da\u00bb section_id=\u00bbabout\u00bb sidebar=\u00bbsidebar-1&#8243;][vc_column][mk_fancy_title tag_name=\u00bbh1&#8243; size=\u00bb\u00bb line_height=\u00bb\u00bb letter_spacing=\u00bb\u00bb margin_top=\u00bb70&#8243; margin_bottom=\u00bb10&#8243; font_family=\u00bbnone\u00bb align=\u00bbcenter\u00bb]NSF Servicios en Europa[\/mk_fancy_title][vc_column_text css=\u00bb.vc_custom_1560861002283{margin-bottom: 0px !important;}\u00bb]<div id=\"mapplic-id5114\" data-mapdata=\"{&quot;mapwidth&quot;:&quot;1200&quot;,&quot;mapheight&quot;:&quot;760&quot;,&quot;action&quot;:&quot;tooltip&quot;,&quot;fillcolor&quot;:&quot;#2a483e&quot;,&quot;maxscale&quot;:&quot;2&quot;,&quot;fullscreen&quot;:false,&quot;hovertip&quot;:true,&quot;hovertipdesc&quot;:false,&quot;smartip&quot;:false,&quot;deeplinking&quot;:true,&quot;linknewtab&quot;:false,&quot;minimap&quot;:false,&quot;animations&quot;:false,&quot;zoom&quot;:false,&quot;zoombuttons&quot;:false,&quot;clearbutton&quot;:false,&quot;zoomoutclose&quot;:false,&quot;closezoomout&quot;:false,&quot;mousewheel&quot;:false,&quot;mapfill&quot;:false,&quot;sidebar&quot;:false,&quot;search&quot;:false,&quot;searchdescription&quot;:false,&quot;alphabetic&quot;:false,&quot;thumbholder&quot;:false,&quot;sidebartoggle&quot;:false,&quot;filtersopened&quot;:false,&quot;highlight&quot;:false,&quot;customcss&quot;:&quot;&quot;,&quot;levels&quot;:[{&quot;id&quot;:&quot;world&quot;,&quot;title&quot;:&quot;World&quot;,&quot;map&quot;:&quot;\\\/\\\/www.nsfinternational.eu\\\/wp-content\\\/uploads\\\/2018\\\/09\\\/europe.svg&quot;,&quot;minimap&quot;:&quot;&quot;}],&quot;styles&quot;:[],&quot;categories&quot;:[],&quot;locations&quot;:[{&quot;id&quot;:&quot;be&quot;,&quot;title&quot;:&quot;Belgica&quot;,&quot;description&quot;:&quot;&lt;p&gt;&lt;strong&gt;NSF B\\u00e9lgica \\u2013 Sede UE&lt;\\\/strong&gt;&lt;\\\/p&gt;&lt;p&gt;Avenue Pasteur, 21&lt;br \\\/&gt;B 1300 Wavre, Belgium&lt;\\\/p&gt;&lt;p&gt;Tel\\u00e9fono: +32 2 771 36 54&lt;br \\\/&gt;Fax: +32 2 763 00 13&lt;br \\\/&gt;Correo electr\\u00f3nico: europe@nsf.org&lt;\\\/p&gt;&quot;,&quot;action&quot;:&quot;tooltip&quot;,&quot;x&quot;:&quot;0.4071&quot;,&quot;y&quot;:&quot;0.5363&quot;,&quot;color&quot;:&quot;#2a483e&quot;,&quot;level&quot;:&quot;world&quot;},{&quot;id&quot;:&quot;fr&quot;,&quot;title&quot;:&quot;Francia&quot;,&quot;description&quot;:&quot;&lt;p&gt;&lt;strong&gt;Lille&lt;\\\/strong&gt;&lt;br \\\/&gt;4 rue Archim\\u00e8de, Parc de la Cit\\u00e9 Scientifique&lt;br \\\/&gt;59650 Villeneuve d\\u2019Ascq, Lille, France&lt;\\\/p&gt;&lt;p&gt;Tel\\u00e9fono: +33 320 44 89 72&lt;\\\/p&gt;&lt;p&gt;&lt;strong&gt;Paris&lt;\\\/strong&gt;&lt;br \\\/&gt;Rue Louis Blanc, 24&lt;br \\\/&gt;75010 Paris, France&lt;\\\/p&gt;&lt;p&gt;Tel\\u00e9fono: +33 184 16 98 31&lt;\\\/p&gt;&quot;,&quot;action&quot;:&quot;tooltip&quot;,&quot;x&quot;:&quot;0.3871&quot;,&quot;y&quot;:&quot;0.6181&quot;,&quot;color&quot;:&quot;#2a483e&quot;,&quot;level&quot;:&quot;world&quot;},{&quot;id&quot;:&quot;es&quot;,&quot;title&quot;:&quot;Espa\\u00f1a&quot;,&quot;description&quot;:&quot;&lt;strong&gt;Almeria&lt;\\\/strong&gt;\\nCalle Jazminero, n\\u00ba 1 piso 1\\u00ba, oficina 6\\n04720 Aguadulce (Almer\\u00eda), Spain\\n\\nTel\\u00e9fono: +34 950 34 80 64\\n\\n&lt;strong&gt;Madrid&lt;\\\/strong&gt;\\nCalle Mar\\u00eda de Molina, N\\u00ba54, 5th floor\\n28006, Madrid, Spain\\n\\nTel\\u00e9fono: +34 910 28 79 39&quot;,&quot;action&quot;:&quot;tooltip&quot;,&quot;x&quot;:&quot;0.3038&quot;,&quot;y&quot;:&quot;0.7939&quot;,&quot;color&quot;:&quot;#2a483e&quot;,&quot;level&quot;:&quot;world&quot;},{&quot;id&quot;:&quot;bg&quot;,&quot;title&quot;:&quot;Bulgaria&quot;,&quot;description&quot;:&quot;&lt;p&gt;&lt;strong&gt;Sofia&lt;\\\/strong&gt;&lt;br \\\/&gt;87, Kniaz Aleksandar Dondukov Blvd., fl. 1&lt;br \\\/&gt;1527 Sofia, Bulgaria&lt;\\\/p&gt;&lt;p&gt;Tel\\u00e9fono: +359 879 332 343&lt;\\\/p&gt;&quot;,&quot;action&quot;:&quot;tooltip&quot;,&quot;x&quot;:&quot;0.6300&quot;,&quot;y&quot;:&quot;0.7184&quot;,&quot;color&quot;:&quot;#2a483e&quot;,&quot;level&quot;:&quot;world&quot;},{&quot;id&quot;:&quot;ro&quot;,&quot;title&quot;:&quot;Rumania&quot;,&quot;description&quot;:&quot;&lt;p&gt;&lt;strong&gt;Bucharest&lt;\\\/strong&gt;&lt;br \\\/&gt;Bulevardul Doina Cornea 2F, etaj3, sector 6,&lt;br \\\/&gt;061344 Bucarest, Romania&lt;\\\/p&gt;&lt;p&gt;Tel\\u00e9fono: +40 740 550 474&lt;\\\/p&gt;&quot;,&quot;action&quot;:&quot;tooltip&quot;,&quot;x&quot;:&quot;0.6110&quot;,&quot;y&quot;:&quot;0.6034&quot;,&quot;color&quot;:&quot;#2a483e&quot;,&quot;level&quot;:&quot;world&quot;},{&quot;id&quot;:&quot;de&quot;,&quot;title&quot;:&quot;Alemania&quot;,&quot;description&quot;:&quot;&lt;p&gt;Amselweg 5&lt;br \\\/&gt;33378 Rheda-Wiedenbr\\u00fcck, Germany&lt;\\\/p&gt;&lt;p&gt;Tel\\u00e9fono: +49 5242 90630&lt;\\\/p&gt;&quot;,&quot;action&quot;:&quot;tooltip&quot;,&quot;x&quot;:&quot;0.4610&quot;,&quot;y&quot;:&quot;0.5415&quot;,&quot;color&quot;:&quot;#2a483e&quot;,&quot;level&quot;:&quot;world&quot;},{&quot;id&quot;:&quot;gb&quot;,&quot;title&quot;:&quot;Reino Unido&quot;,&quot;description&quot;:&quot;&lt;p class=\\&quot;contactaddress\\&quot;&gt;Hanborough Business Park&lt;br \\\/&gt;Long Hanborough OX29 8SJ, UK&lt;\\\/p&gt;&lt;p class=\\&quot;contactoptions\\&quot;&gt;&lt;a href=\\&quot;http:\\\/\\\/www.nsfinternationalfood.co.uk\\\/\\&quot;&gt;www.nsfinternationalfood.co.uk&lt;\\\/a&gt;&lt;\\\/p&gt;&lt;p class=\\&quot;contactoptions\\&quot;&gt;Tel\\u00e9fono: +44 19 93 88 56 00&lt;\\\/p&gt;&quot;,&quot;action&quot;:&quot;tooltip&quot;,&quot;x&quot;:&quot;0.3534&quot;,&quot;y&quot;:&quot;0.4820&quot;,&quot;color&quot;:&quot;#2a483e&quot;,&quot;level&quot;:&quot;world&quot;},{&quot;id&quot;:&quot;it&quot;,&quot;title&quot;:&quot;Italia&quot;,&quot;description&quot;:&quot;&lt;p&gt;Via Dei Mille, 24 40121 Bologna, Italia&lt;\\\/p&gt;&lt;p&gt;Tel\\u00e9fono: +39 051 0233535&lt;\\\/p&gt;&quot;,&quot;pin&quot;:&quot;no-fill&quot;,&quot;action&quot;:&quot;default&quot;,&quot;x&quot;:&quot;0.4728&quot;,&quot;y&quot;:&quot;0.7009&quot;,&quot;color&quot;:&quot;#2a483e&quot;,&quot;level&quot;:&quot;world&quot;}]}\"><\/div>[\/vc_column_text][mk_padding_divider size=\u00bb70&#8243;][\/vc_column][\/mk_page_section]\n<\/div><\/div>","protected":false},"excerpt":{"rendered":"<p>[mk_page_section bg_position=\u00bbcenter top\u00bb bg_stretch=\u00bbtrue\u00bb bg_video=\u00bbyes\u00bb mp4=\u00bbhttps:\/\/www.nsfinternational.eu\/wp-content\/uploads\/2019\/12\/nsf_eu-homepage.mp4&#8243; webm=\u00bbhttps:\/\/www.nsfinternational.eu\/wp-content\/uploads\/2019\/12\/nsf_eu-homepage.mp4&#8243; ogv=\u00bbhttps:\/\/www.nsfinternational.eu\/wp-content\/uploads\/2019\/12\/nsf_eu-homepage.mp4&#8243; poster_image=\u00bbhttps:\/\/www.nsfinternational.eu\/wp-content\/uploads\/2018\/08\/nsf-about-us.jpg\u00bb video_color_mask=\u00bbrgba(28,95,72,0.53)\u00bb video_opacity=\u00bb1&#8243; min_height=\u00bb\u00bb padding_top=\u00bb140&#8243; top_shape_color=\u00bb#ffffff\u00bb bottom_shape_color=\u00bb#ffffff\u00bb visibility=\u00bbhidden-sm\u00bb sidebar=\u00bbsidebar-1&#8243;][vc_column][mk_fancy_title tag_name=\u00bbh1&#8243; color=\u00bb#ffffff\u00bb size=\u00bb50px\u00bb line_height=\u00bb\u00bb txt_transform=\u00bbuppercase\u00bb letter_spacing=\u00bb\u00bb margin_top=\u00bb80&#8243; margin_bottom=\u00bb10&#8243; font_family=\u00bbnone\u00bb align=\u00bbcenter\u00bb][\/mk_fancy_title][mk_padding_divider size=\u00bb110&#8243;][\/vc_column][\/mk_page_section][mk_page_section bg_image=\u00bbhttps:\/\/www.nsfinternational.eu\/wp-content\/uploads\/2018\/08\/nsf-about-us.jpg\u00bb bg_position=\u00bbcenter top\u00bb bg_stretch=\u00bbtrue\u00bb bg_video=\u00bbyes\u00bb video_loop=\u00bbfalse\u00bb video_mask=\u00bbtrue\u00bb video_color_mask=\u00bbrgba(28,95,72,0.53)\u00bb video_opacity=\u00bb1&#8243; adaptive_height=\u00bbtrue\u00bb max_height=\u00bb200&#8243; min_height=\u00bb200&#8243; padding_top=\u00bb0&#8243; padding_bottom=\u00bb0&#8243; top_shape_color=\u00bb#ffffff\u00bb bottom_shape_color=\u00bb#ffffff\u00bb visibility=\u00bbvisible-sm\u00bb sidebar=\u00bbsidebar-1&#8243;][vc_column][mk_fancy_title tag_name=\u00bbh1&#8243; color=\u00bb#ffffff\u00bb size=\u00bb30px\u00bb line_height=\u00bb\u00bb txt_transform=\u00bbuppercase\u00bb letter_spacing=\u00bb\u00bb margin_top=\u00bb35&#8243; margin_bottom=\u00bb10&#8243; font_family=\u00bbnone\u00bb [&hellip;]<\/p>\n","protected":false},"author":1,"featured_media":0,"parent":0,"menu_order":0,"comment_status":"closed","ping_status":"open","template":"","meta":{"footnotes":""},"class_list":["post-570","page","type-page","status-publish","hentry"],"_links":{"self":[{"href":"https:\/\/www.nsfinternational.eu\/es\/wp-json\/wp\/v2\/pages\/570","targetHints":{"allow":["GET"]}}],"collection":[{"href":"https:\/\/www.nsfinternational.eu\/es\/wp-json\/wp\/v2\/pages"}],"about":[{"href":"https:\/\/www.nsfinternational.eu\/es\/wp-json\/wp\/v2\/types\/page"}],"author":[{"embeddable":true,"href":"https:\/\/www.nsfinternational.eu\/es\/wp-json\/wp\/v2\/users\/1"}],"replies":[{"embeddable":true,"href":"https:\/\/www.nsfinternational.eu\/es\/wp-json\/wp\/v2\/comments?post=570"}],"version-history":[{"count":66,"href":"https:\/\/www.nsfinternational.eu\/es\/wp-json\/wp\/v2\/pages\/570\/revisions"}],"predecessor-version":[{"id":12230,"href":"https:\/\/www.nsfinternational.eu\/es\/wp-json\/wp\/v2\/pages\/570\/revisions\/12230"}],"wp:attachment":[{"href":"https:\/\/www.nsfinternational.eu\/es\/wp-json\/wp\/v2\/media?parent=570"}],"curies":[{"name":"wp","href":"https:\/\/api.w.org\/{rel}","templated":true}]}}