{"id":569,"date":"2018-03-28T10:19:35","date_gmt":"2018-03-28T08:19:35","guid":{"rendered":"https:\/\/www.nsfinternational.eu\/home\/"},"modified":"2024-07-16T12:03:30","modified_gmt":"2024-07-16T10:03:30","slug":"home","status":"publish","type":"page","link":"https:\/\/www.nsfinternational.eu\/ro\/","title":{"rendered":"Home"},"content":{"rendered":"<div class=\"wpb-content-wrapper\"><div class=\"nolwrap\">[mk_page_section bg_position=&#8221;center top&#8221; bg_stretch=&#8221;true&#8221; bg_video=&#8221;yes&#8221; mp4=&#8221;https:\/\/www.nsfinternational.eu\/wp-content\/uploads\/2019\/12\/nsf_eu-homepage.mp4&#8243; webm=&#8221;https:\/\/www.nsfinternational.eu\/wp-content\/uploads\/2019\/12\/nsf_eu-homepage.mp4&#8243; ogv=&#8221;https:\/\/www.nsfinternational.eu\/wp-content\/uploads\/2019\/12\/nsf_eu-homepage.mp4&#8243; poster_image=&#8221;https:\/\/www.nsfinternational.eu\/wp-content\/uploads\/2018\/08\/nsf-about-us.jpg&#8221; video_color_mask=&#8221;rgba(28,95,72,0.53)&#8221; video_opacity=&#8221;1&#8243; min_height=&#8221;&#8221; padding_top=&#8221;140&#8243; top_shape_color=&#8221;#ffffff&#8221; bottom_shape_color=&#8221;#ffffff&#8221; visibility=&#8221;hidden-sm&#8221; sidebar=&#8221;sidebar-1&#8243;][vc_column][mk_fancy_title tag_name=&#8221;h1&#8243; color=&#8221;#ffffff&#8221; size=&#8221;50px&#8221; line_height=&#8221;&#8221; txt_transform=&#8221;uppercase&#8221; letter_spacing=&#8221;&#8221; margin_top=&#8221;80&#8243; margin_bottom=&#8221;10&#8243; font_family=&#8221;none&#8221; align=&#8221;center&#8221;][\/mk_fancy_title][mk_padding_divider size=&#8221;110&#8243;][\/vc_column][\/mk_page_section][mk_page_section bg_image=&#8221;https:\/\/www.nsfinternational.eu\/wp-content\/uploads\/2018\/08\/nsf-about-us.jpg&#8221; bg_position=&#8221;center top&#8221; bg_stretch=&#8221;true&#8221; bg_video=&#8221;yes&#8221; video_loop=&#8221;false&#8221; video_mask=&#8221;true&#8221; video_color_mask=&#8221;rgba(28,95,72,0.53)&#8221; video_opacity=&#8221;1&#8243; adaptive_height=&#8221;true&#8221; max_height=&#8221;200&#8243; min_height=&#8221;200&#8243; padding_top=&#8221;0&#8243; padding_bottom=&#8221;0&#8243; top_shape_color=&#8221;#ffffff&#8221; bottom_shape_color=&#8221;#ffffff&#8221; visibility=&#8221;visible-sm&#8221; sidebar=&#8221;sidebar-1&#8243;][vc_column][mk_fancy_title tag_name=&#8221;h1&#8243; color=&#8221;#ffffff&#8221; size=&#8221;30px&#8221; line_height=&#8221;&#8221; txt_transform=&#8221;uppercase&#8221; letter_spacing=&#8221;&#8221; margin_top=&#8221;35&#8243; margin_bottom=&#8221;10&#8243; font_family=&#8221;none&#8221; align=&#8221;center&#8221;][\/mk_fancy_title][mk_padding_divider size=&#8221;110&#8243;][\/vc_column][\/mk_page_section][mk_page_section bg_position=&#8221;left bottom&#8221; bg_repeat=&#8221;repeat-x&#8221; video_color_mask=&#8221;#ffffff&#8221; video_opacity=&#8221;0.1&#8243; bottom_shape_style=&#8221;folded-bottom&#8221; bottom_shape_size=&#8221;small&#8221; bottom_shape_color=&#8221;#ffffff&#8221; section_id=&#8221;what-we-do&#8221; el_class=&#8221;nsfbg&#8221; sidebar=&#8221;sidebar-1&#8243;][vc_column][mk_fancy_title tag_name=&#8221;h1&#8243; size=&#8221;&#8221; line_height=&#8221;&#8221; letter_spacing=&#8221;&#8221; margin_top=&#8221;60&#8243; margin_bottom=&#8221;10&#8243; font_family=&#8221;none&#8221;]Ce facem[\/mk_fancy_title][vc_row_inner visibility=&#8221;hidden-sm&#8221;][vc_column_inner width=&#8221;1\/2&#8243;][vc_column_text css=&#8221;.vc_custom_1699347743713{margin-bottom: 0px !important;}&#8221;]Fondat\u0103 \u00een 1944 ca parte a \u0218colii de S\u0103n\u0103tate Public\u0103 a Universit\u0103\u021bii din Michigan, NSF a evoluat de la o funda\u021bie mic\u0103 axat\u0103 pe standardizarea cerin\u021belor de salubritate \u0219i siguran\u021b\u0103 alimentar\u0103 la o organiza\u021bie mondial\u0103 f\u0103r\u0103 scop lucrativ, angajat\u0103 \u00een protejarea s\u0103n\u0103t\u0103\u021bii \u0219i siguran\u021bei umane la nivel mondial.<\/p>\n<p>Facilit\u0103m dezvoltarea de standarde de s\u0103n\u0103tate public\u0103 \u0219i test\u0103m, audit\u0103m \u0219i certific\u0103m produsele \u0219i sistemele destinate sectoarelor alimentare, ap\u0103 \u0219i sectoare conexe pentru a minimiza efectele adverse asupra s\u0103n\u0103t\u0103\u021bii \u0219i a proteja mediul.<\/p>\n<p>Serviciile noastre alimentare servesc sectoarele de agricultur\u0103, v\u00e2nzare cu am\u0103nuntul, produc\u021bie de alimente, hotelier \u0219i recreativ, catering \u0219i servicii alimentare, institu\u021bionale, echipamente alimentare \u0219i compu\u0219i nealimentari.[\/vc_column_text][\/vc_column_inner][vc_column_inner width=&#8221;1\/2&#8243;][vc_column_text css=&#8221;.vc_custom_1699347732740{margin-bottom: 0px !important;}&#8221;]Serviciile noastre de ap\u0103 includ testarea \u0219i certificarea produselor de la surs\u0103 la robinet \u00een contact cu apa potabil\u0103 \u0219i pentru diverse sectoare \u0219i aplica\u021bii, cum ar fi bazine \/ spa, instala\u021bii sanitare, materiale plastice \u0219i aparate de tratare a apei.<\/p>\n<p>Adi\u021bional certific\u0103rii, NSF are un rol de lider \u00een construirea s\u0103n\u0103t\u0103\u021bii apei \u0219i a siguran\u021bei apei \u0219i ofer\u0103 planuri de siguran\u021b\u0103 a apei \u0219i evalu\u0103ri ale riscului de apari\u021bie a legionelozei.[\/vc_column_text][mk_blockquote font_family=&#8221;Merriweather&#8221; font_type=&#8221;google&#8221; align=&#8221;left&#8221; width=&#8221;1\/1&#8243; el_position=&#8221;first last&#8221;]Birourile noastre din Europa ofer\u0103 servicii complete, suport de calitate \u0219i cuno\u0219tin\u021be superioare pentru a v\u0103 ajuta s\u0103 v\u0103 dezvolta\u021bi afacerea, economisind timp \u0219i bani.[\/mk_blockquote][\/vc_column_inner][\/vc_row_inner][vc_row_inner visibility=&#8221;visible-sm&#8221;][vc_column_inner][vc_column_text css=&#8221;.vc_custom_1571055067296{margin-bottom: 0px !important;}&#8221;]Fondat\u0103 \u00een 1944 ca parte a \u0218colii de S\u0103n\u0103tate Public\u0103 a Universit\u0103\u021bii din Michigan, NSF a evoluat de la o funda\u021bie mic\u0103 axat\u0103 pe standardizarea cerin\u021belor de salubritate \u0219i siguran\u021b\u0103 alimentar\u0103 la o organiza\u021bie mondial\u0103 f\u0103r\u0103 scop lucrativ, angajat\u0103 \u00een protejarea s\u0103n\u0103t\u0103\u021bii \u0219i siguran\u021bei umane la nivel mondial.<\/p>\n<p>Facilit\u0103m dezvoltarea de standarde de s\u0103n\u0103tate public\u0103 \u0219i test\u0103m, audit\u0103m \u0219i certific\u0103m produsele \u0219i sistemele destinate sectoarelor alimentare, ap\u0103 \u0219i sectoare conexe pentru a minimiza efectele adverse asupra s\u0103n\u0103t\u0103\u021bii \u0219i a proteja mediul.<\/p>\n<p>Serviciile noastre alimentare servesc sectoarele de agricultur\u0103, v\u00e2nzare cu am\u0103nuntul, produc\u021bie de alimente, hotelier \u0219i recreativ, catering \u0219i servicii alimentare, institu\u021bionale, echipamente alimentare \u0219i compu\u0219i nealimentari.<\/p>\n<p>Serviciile noastre de ap\u0103 includ testarea \u0219i certificarea produselor de la surs\u0103 la robinet \u00een contact cu apa potabil\u0103 \u0219i pentru diverse sectoare \u0219i aplica\u021bii, cum ar fi bazine \/ spa, instala\u021bii sanitare, materiale plastice \u0219i aparate de tratare a apei.<\/p>\n<p>Adi\u021bional certific\u0103rii, NSF are un rol de lider \u00een construirea s\u0103n\u0103t\u0103\u021bii apei \u0219i a siguran\u021bei apei \u0219i ofer\u0103 planuri de siguran\u021b\u0103 a apei \u0219i evalu\u0103ri ale riscului de apari\u021bie a legionelozei.[\/vc_column_text][mk_blockquote font_family=&#8221;Merriweather&#8221; font_type=&#8221;google&#8221; align=&#8221;left&#8221; width=&#8221;1\/1&#8243; el_position=&#8221;first last&#8221;]Birourile noastre din Europa ofer\u0103 servicii complete, suport de calitate \u0219i cuno\u0219tin\u021be superioare pentru a v\u0103 ajuta s\u0103 v\u0103 dezvolta\u021bi afacerea, economisind timp \u0219i bani.[\/mk_blockquote][\/vc_column_inner][\/vc_row_inner][mk_padding_divider visibility=&#8221;hidden-sm&#8221;][\/vc_column][\/mk_page_section][mk_page_section bg_color=&#8221;#f9f9fa&#8221; top_shape_style=&#8221;folded-top&#8221; top_shape_size=&#8221;small&#8221; section_id=&#8221;services-by-sector&#8221; sidebar=&#8221;sidebar-1&#8243;][vc_column][mk_fancy_title tag_name=&#8221;h1&#8243; size=&#8221;&#8221; line_height=&#8221;&#8221; letter_spacing=&#8221;&#8221; margin_top=&#8221;60&#8243; margin_bottom=&#8221;10&#8243; font_family=&#8221;none&#8221;]Servicii[\/mk_fancy_title][\/vc_column][\/mk_page_section][mk_page_section bg_color=&#8221;#f9f9fa&#8221; sidebar=&#8221;sidebar-1&#8243;][vc_column width=&#8221;1\/3&#8243;][mk_image src=&#8221;https:\/\/www.nsfinternational.eu\/wp-content\/uploads\/2019\/09\/2.jpg&#8221; image_size=&#8221;full&#8221; link=&#8221;\/ro\/alimente\/&#8221;][mk_fancy_title tag_name=&#8221;h3&#8243; color=&#8221;#ec7a22&#8243; size=&#8221;26&#8243; margin_bottom=&#8221;0&#8243; font_family=&#8221;none&#8221; align=&#8221;center&#8221;]<a href=\"\/ro\/alimente\/\">Alimente<\/a>[\/mk_fancy_title][vc_column_text align=&#8221;center&#8221; css=&#8221;.vc_custom_1571055298744{margin-bottom: 0px !important;}&#8221;]Suntem pe deplin echipa\u021bi pentru a fi unicul dvs. furnizor pentru nevoile legate de calitatea \u0219i siguran\u021ba alimentar\u0103 \u0219i serviciile de informa\u021bii privind consumatorii din Europa.[\/vc_column_text][\/vc_column][vc_column width=&#8221;1\/3&#8243;][mk_image src=&#8221;https:\/\/www.nsfinternational.eu\/wp-content\/uploads\/2019\/09\/1.jpg&#8221; image_size=&#8221;full&#8221; link=&#8221;\/ro\/apa\/&#8221;][mk_fancy_title tag_name=&#8221;h3&#8243; color=&#8221;#ec7a22&#8243; size=&#8221;26&#8243; margin_bottom=&#8221;0&#8243; font_family=&#8221;none&#8221; align=&#8221;center&#8221;]<a href=\"\/ro\/apa\/\">Ap\u0103<\/a>[\/mk_fancy_title][vc_column_text align=&#8221;center&#8221; css=&#8221;.vc_custom_1571055314419{margin-bottom: 0px !important;}&#8221;]NSF ofer\u0103 o gam\u0103 extins\u0103 de servicii pentru industria apei pentru a ajuta la asigurarea calit\u0103\u021bii \u0219i siguran\u021bei produselor de pe pia\u021b\u0103.[\/vc_column_text][\/vc_column][vc_column width=&#8221;1\/3&#8243;][mk_image src=&#8221;https:\/\/www.nsfinternational.eu\/wp-content\/uploads\/2019\/09\/3.jpg&#8221; image_size=&#8221;full&#8221; link=&#8221;\/ro\/inovatie\/&#8221;][mk_fancy_title tag_name=&#8221;h3&#8243; color=&#8221;#ec7a22&#8243; size=&#8221;26&#8243; margin_bottom=&#8221;0&#8243; font_family=&#8221;none&#8221; align=&#8221;center&#8221;]<a href=\"\/ro\/inovatie\/\"> Inova\u021bie<\/a>[\/mk_fancy_title][vc_column_text align=&#8221;center&#8221; css=&#8221;.vc_custom_1571055272464{margin-bottom: 0px !important;}&#8221;]Gestionarea datelor, realitatea augmentat\u0103 (sau asistat\u0103), tehnologia de uzur\u0103 \u0219i utilizarea inteligen\u021bei artificiale sunt c\u00e2teva dintre domeniile \u00een care NSF a dezvoltat instrumente \u0219i aplica\u021bii care servesc industriilor \u00een care oper\u0103m.[\/vc_column_text][\/vc_column][\/mk_page_section][mk_page_section bg_color=&#8221;#f9f9fa&#8221; top_shape_color=&#8221;#f8f8f8&#8243; sidebar=&#8221;sidebar-1&#8243;][vc_column][mk_padding_divider][\/vc_column][\/mk_page_section][mk_page_section bg_repeat=&#8221;repeat-x&#8221; top_shape_style=&#8221;folded-top&#8221; top_shape_size=&#8221;small&#8221; top_shape_color=&#8221;#ffffff&#8221; sidebar=&#8221;sidebar-1&#8243;][vc_column][mk_fancy_title size=&#8221;58&#8243; line_height=&#8221;&#8221; letter_spacing=&#8221;&#8221; margin_top=&#8221;40&#8243; margin_bottom=&#8221;&#8221; font_family=&#8221;none&#8221; align=&#8221;center&#8221;]Cele mai recente \u0219tiri[\/mk_fancy_title][mk_fancy_title tag_name=&#8221;h3&#8243; color=&#8221;#8a989e&#8221; size=&#8221;20&#8243; line_height=&#8221;&#8221; font_weight=&#8221;400&#8243; letter_spacing=&#8221;&#8221; margin_top=&#8221;&#8221; margin_bottom=&#8221;10&#8243; font_family=&#8221;none&#8221; align=&#8221;center&#8221;]R\u0103m\u00e2ne\u021bi la curent cu cele mai recente \u0219tiri din industrie \u0219i din industrie.[\/mk_fancy_title][mk_blog_showcase excerpt_length=&#8221;0&#8243;][mk_padding_divider][vc_btn title=&#8221;Verifica\u021bi toate \u0219tirile noastre&#8221; style=&#8221;outline-custom&#8221; outline_custom_color=&#8221;#005793&#8243; outline_custom_hover_background=&#8221;#005793&#8243; outline_custom_hover_text=&#8221;#ffffff&#8221; size=&#8221;lg&#8221; align=&#8221;center&#8221; i_align=&#8221;right&#8221; i_icon_fontawesome=&#8221;&#8221; css_animation=&#8221;fadeInDown&#8221; css=&#8221;&#8221; add_icon=&#8221;true&#8221; link=&#8221;url:%2Fro%2Fnoutati-si-evenimente%2F|||&#8221;][mk_padding_divider size=&#8221;90&#8243;][\/vc_column][\/mk_page_section][mk_page_section bg_color=&#8221;#f8f8f8&#8243; bg_repeat=&#8221;repeat-x&#8221; bg_stretch=&#8221;true&#8221; min_height=&#8221;0&#8243; full_width=&#8221;true&#8221; padding_top=&#8221;&#8221; padding_bottom=&#8221;&#8221; top_shape_style=&#8221;folded-top&#8221; top_shape_size=&#8221;small&#8221; top_shape_color=&#8221;#ffffff&#8221; bottom_shape_style=&#8221;jagged-rounded-bottom&#8221; bottom_shape_size=&#8221;small&#8221; bottom_shape_color=&#8221;&#8221; bottom_shape_bg_color=&#8221;#0090da&#8221; section_id=&#8221;about&#8221; sidebar=&#8221;sidebar-1&#8243;][vc_column][mk_fancy_title tag_name=&#8221;h1&#8243; size=&#8221;&#8221; line_height=&#8221;&#8221; letter_spacing=&#8221;&#8221; margin_top=&#8221;60&#8243; margin_bottom=&#8221;10&#8243; font_family=&#8221;none&#8221; align=&#8221;center&#8221;]NSF Services \u00een Europa[\/mk_fancy_title][vc_column_text css=&#8221;.vc_custom_1555510131609{margin-bottom: 0px !important;}&#8221;]<div id=\"mapplic-id4638\" data-mapdata=\"{&quot;mapwidth&quot;:&quot;1200&quot;,&quot;mapheight&quot;:&quot;760&quot;,&quot;action&quot;:&quot;tooltip&quot;,&quot;fillcolor&quot;:&quot;#2a483e&quot;,&quot;maxscale&quot;:&quot;2&quot;,&quot;fullscreen&quot;:false,&quot;hovertip&quot;:true,&quot;hovertipdesc&quot;:false,&quot;smartip&quot;:false,&quot;deeplinking&quot;:true,&quot;linknewtab&quot;:false,&quot;minimap&quot;:false,&quot;animations&quot;:false,&quot;zoom&quot;:false,&quot;zoombuttons&quot;:false,&quot;clearbutton&quot;:false,&quot;zoomoutclose&quot;:false,&quot;closezoomout&quot;:false,&quot;mousewheel&quot;:false,&quot;mapfill&quot;:false,&quot;sidebar&quot;:false,&quot;search&quot;:false,&quot;searchdescription&quot;:false,&quot;alphabetic&quot;:false,&quot;thumbholder&quot;:false,&quot;sidebartoggle&quot;:false,&quot;filtersopened&quot;:false,&quot;highlight&quot;:false,&quot;customcss&quot;:&quot;&quot;,&quot;levels&quot;:[{&quot;id&quot;:&quot;world&quot;,&quot;title&quot;:&quot;World&quot;,&quot;map&quot;:&quot;\\\/\\\/www.nsfinternational.eu\\\/wp-content\\\/uploads\\\/2018\\\/09\\\/europe.svg&quot;,&quot;minimap&quot;:&quot;&quot;}],&quot;styles&quot;:[],&quot;categories&quot;:[],&quot;locations&quot;:[{&quot;id&quot;:&quot;be&quot;,&quot;title&quot;:&quot;Belgia&quot;,&quot;description&quot;:&quot;&lt;strong&gt;NSF Belgia \\u2013 Sediul UE&lt;\\\/strong&gt;\\n\\nDe Kleetlaan 12a\\n1831 Diegem, Belgium\\n\\nTelefon: +32 2 771 36 54\\nFax: +32 2 763 00 13\\nEmail: europe@nsf.org&quot;,&quot;action&quot;:&quot;tooltip&quot;,&quot;x&quot;:&quot;0.4076&quot;,&quot;y&quot;:&quot;0.5415&quot;,&quot;color&quot;:&quot;#2a483e&quot;,&quot;level&quot;:&quot;world&quot;},{&quot;id&quot;:&quot;fr&quot;,&quot;title&quot;:&quot;Fran\\u0163a&quot;,&quot;description&quot;:&quot;&lt;p&gt;&lt;strong&gt;Lille&lt;\\\/strong&gt;&lt;br \\\/&gt;4 rue Archim\\u00e8de, Parc de la Cit\\u00e9 Scientifique&lt;br \\\/&gt;59650 Villeneuve d\\u2019Ascq, Lille, France&lt;\\\/p&gt;&lt;p&gt;Telefon: +33 320 44 89 72&lt;\\\/p&gt;&lt;p&gt;&lt;strong&gt;Paris&lt;\\\/strong&gt;&lt;br \\\/&gt;Rue Louis Blanc, 24&lt;br \\\/&gt;75010 Paris, France&lt;\\\/p&gt;&lt;p&gt;Telefon: +33 184 16 98 31&lt;\\\/p&gt;&quot;,&quot;category&quot;:&quot;false&quot;,&quot;action&quot;:&quot;tooltip&quot;,&quot;x&quot;:&quot;0.3874&quot;,&quot;y&quot;:&quot;0.6181&quot;,&quot;color&quot;:&quot;#2a483e&quot;,&quot;level&quot;:&quot;world&quot;},{&quot;id&quot;:&quot;es&quot;,&quot;title&quot;:&quot;Spania&quot;,&quot;description&quot;:&quot;&lt;strong&gt;Almeria&lt;\\\/strong&gt;\\nCalle Jazminero, n\\u00ba 1 piso 1\\u00ba, oficina 6\\n04720 Aguadulce (Almer\\u00eda), Spain\\n\\nTelefon: +34 950 34 80 64\\n\\n&lt;strong&gt;Madrid&lt;\\\/strong&gt;\\nCalle Mar\\u00eda de Molina, N\\u00ba54, 5th floor\\n28006, Madrid, Spain\\n\\nTelefon: +34 910 28 79 39&quot;,&quot;action&quot;:&quot;tooltip&quot;,&quot;x&quot;:&quot;0.3043&quot;,&quot;y&quot;:&quot;0.7939&quot;,&quot;color&quot;:&quot;#2a483e&quot;,&quot;level&quot;:&quot;world&quot;},{&quot;id&quot;:&quot;bg&quot;,&quot;title&quot;:&quot;Bulgaria&quot;,&quot;description&quot;:&quot;&lt;p&gt;&lt;strong&gt;Sofia&lt;\\\/strong&gt;&lt;br \\\/&gt;87, Kniaz Aleksandar Dondukov Blvd., fl. 1&lt;br \\\/&gt;1527 Sofia, Bulgaria&lt;\\\/p&gt;&lt;p&gt;Telefon: +359 879 332 343&lt;\\\/p&gt;&quot;,&quot;action&quot;:&quot;tooltip&quot;,&quot;x&quot;:&quot;0.6326&quot;,&quot;y&quot;:&quot;0.7184&quot;,&quot;color&quot;:&quot;#2a483e&quot;,&quot;level&quot;:&quot;world&quot;},{&quot;id&quot;:&quot;ro&quot;,&quot;title&quot;:&quot;Rom\\u00e2nia&quot;,&quot;description&quot;:&quot;&lt;p&gt;&lt;strong&gt;Bucharest&lt;\\\/strong&gt;&lt;br \\\/&gt;Bulevardul Doina Cornea 2F, etaj3, sector 6,&lt;br \\\/&gt;061344 Bucarest, Romania&lt;\\\/p&gt;&lt;p&gt;Telefon: +40 740 550 474&lt;\\\/p&gt;&quot;,&quot;action&quot;:&quot;tooltip&quot;,&quot;x&quot;:&quot;0.6104&quot;,&quot;y&quot;:&quot;0.6034&quot;,&quot;color&quot;:&quot;#2a483e&quot;,&quot;level&quot;:&quot;world&quot;},{&quot;id&quot;:&quot;de&quot;,&quot;title&quot;:&quot;Germania&quot;,&quot;description&quot;:&quot;&lt;p&gt;Amselweg 5&lt;br \\\/&gt;33378 Rheda-Wiedenbr\\u00fcck, Germany&lt;\\\/p&gt;&lt;p&gt;Telefon: +49 5242 90630&lt;\\\/p&gt;&quot;,&quot;category&quot;:&quot;false&quot;,&quot;action&quot;:&quot;tooltip&quot;,&quot;x&quot;:&quot;0.4614&quot;,&quot;y&quot;:&quot;0.5415&quot;,&quot;color&quot;:&quot;#2a483e&quot;,&quot;level&quot;:&quot;world&quot;},{&quot;id&quot;:&quot;gb&quot;,&quot;title&quot;:&quot;Regatul Unit&quot;,&quot;description&quot;:&quot;&lt;p&gt;Hanborough Business Park&lt;br \\\/&gt;Long Hanborough OX29 8SJ, UK&lt;\\\/p&gt;&lt;p&gt;&lt;a href=\\&quot;http:\\\/\\\/www.nsfinternationalfood.co.uk\\&quot;&gt;www.nsfinternationalfood.co.uk&lt;\\\/a&gt;&lt;\\\/p&gt;&lt;p&gt;Telefon: +44 19 93 88 56 00&lt;\\\/p&gt;&quot;,&quot;category&quot;:&quot;false&quot;,&quot;action&quot;:&quot;tooltip&quot;,&quot;x&quot;:&quot;0.3532&quot;,&quot;y&quot;:&quot;0.4820&quot;,&quot;color&quot;:&quot;#2a483e&quot;,&quot;level&quot;:&quot;world&quot;},{&quot;id&quot;:&quot;it&quot;,&quot;title&quot;:&quot;Italia&quot;,&quot;description&quot;:&quot;&lt;p&gt;Via Dei Mille, 24 40121 Bologna, Italia&lt;\\\/p&gt;&lt;p&gt;Telefon: +39 051 0233535&lt;\\\/p&gt;&quot;,&quot;action&quot;:&quot;default&quot;,&quot;x&quot;:&quot;0.4754&quot;,&quot;y&quot;:&quot;0.7009&quot;,&quot;color&quot;:&quot;#2a483e&quot;,&quot;level&quot;:&quot;world&quot;}]}\"><\/div>[\/vc_column_text][mk_padding_divider size=&#8221;70&#8243; visibility=&#8221;hidden-sm&#8221;][\/vc_column][\/mk_page_section]\n<\/div><\/div>","protected":false},"excerpt":{"rendered":"<p>[mk_page_section bg_position=&#8221;center top&#8221; bg_stretch=&#8221;true&#8221; bg_video=&#8221;yes&#8221; mp4=&#8221;https:\/\/www.nsfinternational.eu\/wp-content\/uploads\/2019\/12\/nsf_eu-homepage.mp4&#8243; webm=&#8221;https:\/\/www.nsfinternational.eu\/wp-content\/uploads\/2019\/12\/nsf_eu-homepage.mp4&#8243; ogv=&#8221;https:\/\/www.nsfinternational.eu\/wp-content\/uploads\/2019\/12\/nsf_eu-homepage.mp4&#8243; poster_image=&#8221;https:\/\/www.nsfinternational.eu\/wp-content\/uploads\/2018\/08\/nsf-about-us.jpg&#8221; video_color_mask=&#8221;rgba(28,95,72,0.53)&#8221; video_opacity=&#8221;1&#8243; min_height=&#8221;&#8221; padding_top=&#8221;140&#8243; top_shape_color=&#8221;#ffffff&#8221; bottom_shape_color=&#8221;#ffffff&#8221; visibility=&#8221;hidden-sm&#8221; sidebar=&#8221;sidebar-1&#8243;][vc_column][mk_fancy_title tag_name=&#8221;h1&#8243; color=&#8221;#ffffff&#8221; size=&#8221;50px&#8221; line_height=&#8221;&#8221; txt_transform=&#8221;uppercase&#8221; letter_spacing=&#8221;&#8221; margin_top=&#8221;80&#8243; margin_bottom=&#8221;10&#8243; font_family=&#8221;none&#8221; align=&#8221;center&#8221;][\/mk_fancy_title][mk_padding_divider size=&#8221;110&#8243;][\/vc_column][\/mk_page_section][mk_page_section bg_image=&#8221;https:\/\/www.nsfinternational.eu\/wp-content\/uploads\/2018\/08\/nsf-about-us.jpg&#8221; bg_position=&#8221;center top&#8221; bg_stretch=&#8221;true&#8221; bg_video=&#8221;yes&#8221; video_loop=&#8221;false&#8221; video_mask=&#8221;true&#8221; video_color_mask=&#8221;rgba(28,95,72,0.53)&#8221; video_opacity=&#8221;1&#8243; adaptive_height=&#8221;true&#8221; max_height=&#8221;200&#8243; min_height=&#8221;200&#8243; padding_top=&#8221;0&#8243; padding_bottom=&#8221;0&#8243; top_shape_color=&#8221;#ffffff&#8221; bottom_shape_color=&#8221;#ffffff&#8221; visibility=&#8221;visible-sm&#8221; sidebar=&#8221;sidebar-1&#8243;][vc_column][mk_fancy_title tag_name=&#8221;h1&#8243; color=&#8221;#ffffff&#8221; size=&#8221;30px&#8221; line_height=&#8221;&#8221; txt_transform=&#8221;uppercase&#8221; letter_spacing=&#8221;&#8221; margin_top=&#8221;35&#8243; margin_bottom=&#8221;10&#8243; font_family=&#8221;none&#8221; [&hellip;]<\/p>\n","protected":false},"author":1,"featured_media":0,"parent":0,"menu_order":0,"comment_status":"closed","ping_status":"open","template":"","meta":{"footnotes":""},"class_list":["post-569","page","type-page","status-publish","hentry"],"_links":{"self":[{"href":"https:\/\/www.nsfinternational.eu\/ro\/wp-json\/wp\/v2\/pages\/569","targetHints":{"allow":["GET"]}}],"collection":[{"href":"https:\/\/www.nsfinternational.eu\/ro\/wp-json\/wp\/v2\/pages"}],"about":[{"href":"https:\/\/www.nsfinternational.eu\/ro\/wp-json\/wp\/v2\/types\/page"}],"author":[{"embeddable":true,"href":"https:\/\/www.nsfinternational.eu\/ro\/wp-json\/wp\/v2\/users\/1"}],"replies":[{"embeddable":true,"href":"https:\/\/www.nsfinternational.eu\/ro\/wp-json\/wp\/v2\/comments?post=569"}],"version-history":[{"count":37,"href":"https:\/\/www.nsfinternational.eu\/ro\/wp-json\/wp\/v2\/pages\/569\/revisions"}],"predecessor-version":[{"id":12318,"href":"https:\/\/www.nsfinternational.eu\/ro\/wp-json\/wp\/v2\/pages\/569\/revisions\/12318"}],"wp:attachment":[{"href":"https:\/\/www.nsfinternational.eu\/ro\/wp-json\/wp\/v2\/media?parent=569"}],"curies":[{"name":"wp","href":"https:\/\/api.w.org\/{rel}","templated":true}]}}